{"id":584,"date":"2024-07-27T18:35:24","date_gmt":"2024-07-27T16:35:24","guid":{"rendered":"https:\/\/asociaciontesos.org\/conectanatura-2019-2020\/"},"modified":"2024-08-02T19:22:40","modified_gmt":"2024-08-02T17:22:40","slug":"conectanatura-2019-2020","status":"publish","type":"page","link":"https:\/\/asociaciontesos.org\/fr\/conectanatura-2019-2020\/","title":{"rendered":"ConectaNatura (2019- 2020)"},"content":{"rendered":"<div class=\"fusion-fullwidth fullwidth-box fusion-builder-row-1 fusion-flex-container has-pattern-background has-mask-background nonhundred-percent-fullwidth non-hundred-percent-height-scrolling\" style=\"--awb-border-radius-top-left:0px;--awb-border-radius-top-right:0px;--awb-border-radius-bottom-right:0px;--awb-border-radius-bottom-left:0px;--awb-margin-bottom:60px;--awb-background-color:#ffffff;--awb-flex-wrap:wrap;\" ><div class=\"awb-background-pattern\" style=\"background-image:  url(data:image\/svg+xml;utf8,%3Csvg%20width%3D%2280%22%20height%3D%22120%22%20fill%3D%22none%22%20xmlns%3D%22http%3A%2F%2Fwww.w3.org%2F2000%2Fsvg%22%3E%3Cg%20clip-path%3D%22url%28%23prefix__clip0_43_320%29%22%20fill%3D%22rgba%28239%2C239%2C239%2C1%29%22%3E%3Cpath%20d%3D%22M40%200L0%2030v30l40-30V0zm0%2030v30l40%2030V60L40%2030zM40-30V0l40%2030V0L40-30zm0%2090L0%2090v30l40-30V60zm0%2030v30l40%2030v-30L40%2090z%22%2F%3E%3C%2Fg%3E%3Cdefs%3E%3CclipPath%20id%3D%22prefix__clip0_43_320%22%3E%3Cpath%20fill%3D%22%23fff%22%20d%3D%22M0%200h80v120H0z%22%2F%3E%3C%2FclipPath%3E%3C%2Fdefs%3E%3C%2Fsvg%3E);opacity: 0.5 ;background-size:120%;mix-blend-mode:normal;\"><\/div><div class=\"fusion-builder-row fusion-row fusion-flex-align-items-flex-start fusion-flex-content-wrap\" style=\"max-width:1248px;margin-left: calc(-4% \/ 2 );margin-right: calc(-4% \/ 2 );\"><div class=\"fusion-layout-column fusion_builder_column fusion-builder-column-0 fusion_builder_column_1_1 1_1 fusion-flex-column\" style=\"--awb-padding-top:50px;--awb-padding-right:60px;--awb-padding-bottom:50px;--awb-padding-left:60px;--awb-bg-color:#ffffff;--awb-bg-color-hover:#ffffff;--awb-bg-size:cover;--awb-box-shadow:2px 2px 25px 5px rgba(21,24,17,0.15);;--awb-width-large:100%;--awb-margin-top-large:0px;--awb-spacing-right-large:1.92%;--awb-margin-bottom-large:0px;--awb-spacing-left-large:1.92%;--awb-width-medium:100%;--awb-order-medium:0;--awb-spacing-right-medium:1.92%;--awb-spacing-left-medium:1.92%;--awb-width-small:100%;--awb-order-small:0;--awb-spacing-right-small:1.92%;--awb-spacing-left-small:1.92%;\"><div class=\"fusion-column-wrapper fusion-column-has-shadow fusion-flex-justify-content-flex-start fusion-content-layout-column\"><div class=\"fusion-builder-row fusion-builder-row-inner fusion-row fusion-flex-align-items-flex-start fusion-flex-content-wrap\" style=\"width:104% !important;max-width:104% !important;margin-left: calc(-4% \/ 2 );margin-right: calc(-4% \/ 2 );\"><div class=\"fusion-layout-column fusion_builder_column_inner fusion-builder-nested-column-0 fusion_builder_column_inner_3_5 3_5 fusion-flex-column\" style=\"--awb-padding-right:40px;--awb-padding-bottom-medium:30px;--awb-padding-bottom-small:40px;--awb-bg-size:cover;--awb-width-large:60%;--awb-margin-top-large:0px;--awb-spacing-right-large:3.2%;--awb-margin-bottom-large:0px;--awb-spacing-left-large:3.2%;--awb-width-medium:100%;--awb-order-medium:0;--awb-spacing-right-medium:1.92%;--awb-spacing-left-medium:1.92%;--awb-width-small:100%;--awb-order-small:0;--awb-spacing-right-small:1.92%;--awb-spacing-left-small:1.92%;\"><div class=\"fusion-column-wrapper fusion-column-has-shadow fusion-flex-justify-content-flex-start fusion-content-layout-column\"><div class=\"fusion-title title fusion-title-1 fusion-sep-none fusion-title-text fusion-title-size-three\" style=\"--awb-text-color:#141710;--awb-font-size:34px;\"><h3 class=\"fusion-title-heading title-heading-left\" style=\"font-family:&quot;Plus Jakarta Sans&quot;;font-style:normal;font-weight:700;margin:0;font-size:1em;letter-spacing:0.002em;text-transform:capitalize;line-height:1.3;\">ConectaNatura 2019-2020<\/h3><\/div><div class=\"awb-gallery-wrapper awb-gallery-wrapper-1 button-span-no\" style=\"--more-btn-alignment:center;\"><div style=\"margin:-5px;--awb-bordersize:0px;--awb-border-radius:12px;--awb-caption-title-color:#ffffff;--awb-caption-title-size:18px;--awb-caption-title-transform:var(--awb-typography4-text-transform);--awb-caption-title-line-height:24px;--awb-caption-title-letter-spacing:0px;--awb-caption-text-color:#ffffff;--awb-caption-text-size:var(--awb-typography5-font-size);--awb-caption-text-transform:var(--awb-typography5-text-transform);--awb-caption-text-line-height:var(--awb-typography5-line-height);--awb-caption-text-letter-spacing:var(--awb-typography5-letter-spacing);--awb-caption-overlay-color:#141617;--awb-caption-background-color:#141617;--awb-caption-title-font-family:&quot;Inter&quot;;--awb-caption-title-font-style:normal;--awb-caption-title-font-weight:500;--awb-caption-text-font-family:var(--awb-typography5-font-family);--awb-caption-text-font-weight:var(--awb-typography5-font-weight);--awb-caption-text-font-style:var(--awb-typography5-font-style);\" class=\"fusion-gallery fusion-gallery-container fusion-grid-3 fusion-columns-total-3 fusion-gallery-layout-masonry fusion-gallery-1\"><div class=\"fusion-grid-column fusion-gallery-column fusion-gallery-column-3 fusion-grid-sizer\"><\/div><div style=\"padding:5px;\" class=\"fusion-grid-column fusion-gallery-column fusion-gallery-column-3 fusion-element-landscape\"><div class=\"fusion-gallery-image awb-imageframe-style awb-imageframe-style-schantel\"><a href=\"https:\/\/asociaciontesos.org\/wp-content\/uploads\/2024\/07\/conectanaturavideo.jpg\" rel=\"noreferrer\" data-rel=\"iLightbox[gallery_image_1]\" class=\"fusion-lightbox\" target=\"_self\"><div style=\"background-image:url(https:\/\/asociaciontesos.org\/wp-content\/uploads\/2024\/07\/conectanaturavideo.jpg);padding-top:calc((100% + 10px) * 0.4 - 5px);background-position:;\" class=\"fusion-masonry-element-container\"><img decoding=\"async\" src=\"https:\/\/asociaciontesos.org\/wp-content\/uploads\/2024\/07\/conectanaturavideo.jpg\" width=\"1105\" height=\"622\" alt=\"\" title=\"\" aria-label=\"\" class=\"img-responsive wp-image-273\" srcset=\"https:\/\/asociaciontesos.org\/wp-content\/uploads\/2024\/07\/conectanaturavideo-200x113.jpg 200w, https:\/\/asociaciontesos.org\/wp-content\/uploads\/2024\/07\/conectanaturavideo-400x225.jpg 400w, https:\/\/asociaciontesos.org\/wp-content\/uploads\/2024\/07\/conectanaturavideo-600x338.jpg 600w, https:\/\/asociaciontesos.org\/wp-content\/uploads\/2024\/07\/conectanaturavideo-800x450.jpg 800w, https:\/\/asociaciontesos.org\/wp-content\/uploads\/2024\/07\/conectanaturavideo.jpg 1105w\" sizes=\"(min-width: 2200px) 100vw, (min-width: 640px) 1200px, \" \/><\/div><div class=\"awb-imageframe-caption-container\"><div class=\"awb-imageframe-caption\"><\/div><\/div><\/a><\/div><\/div><div style=\"padding:5px;\" class=\"fusion-grid-column fusion-gallery-column fusion-gallery-column-3 fusion-element-grid\"><div class=\"fusion-gallery-image awb-imageframe-style awb-imageframe-style-schantel\"><a href=\"https:\/\/asociaciontesos.org\/wp-content\/uploads\/2024\/07\/Folleto_lectura_facil.jpg\" rel=\"noreferrer\" data-rel=\"iLightbox[gallery_image_1]\" class=\"fusion-lightbox\" target=\"_self\"><div style=\"background-image:url(https:\/\/asociaciontesos.org\/wp-content\/uploads\/2024\/07\/Folleto_lectura_facil.jpg);padding-top:calc((100% + 10px) * 0.8 - 5px);background-position:;\" class=\"fusion-masonry-element-container\"><img decoding=\"async\" src=\"https:\/\/asociaciontesos.org\/wp-content\/uploads\/2024\/07\/Folleto_lectura_facil.jpg\" width=\"623\" height=\"884\" alt=\"\" title=\"Lectura_f\u00e1cil\" aria-label=\"Lectura_f\u00e1cil\" class=\"img-responsive wp-image-278\" srcset=\"https:\/\/asociaciontesos.org\/wp-content\/uploads\/2024\/07\/Folleto_lectura_facil-200x284.jpg 200w, https:\/\/asociaciontesos.org\/wp-content\/uploads\/2024\/07\/Folleto_lectura_facil-400x568.jpg 400w, https:\/\/asociaciontesos.org\/wp-content\/uploads\/2024\/07\/Folleto_lectura_facil-600x851.jpg 600w, https:\/\/asociaciontesos.org\/wp-content\/uploads\/2024\/07\/Folleto_lectura_facil.jpg 623w\" sizes=\"(min-width: 2200px) 100vw, (min-width: 784px) 397px, (min-width: 712px) 595px, (min-width: 640px) 712px, \" \/><\/div><div class=\"awb-imageframe-caption-container\"><div class=\"awb-imageframe-caption\"><div class=\"awb-imageframe-caption-title\">Lectura_f\u00e1cil<\/div><\/div><\/div><\/a><\/div><\/div><div style=\"padding:5px;\" class=\"fusion-grid-column fusion-gallery-column fusion-gallery-column-3 fusion-element-grid\"><div class=\"fusion-gallery-image awb-imageframe-style awb-imageframe-style-schantel\"><a href=\"https:\/\/asociaciontesos.org\/wp-content\/uploads\/2024\/07\/me_quedo_en_CAsa.jpg\" rel=\"noreferrer\" data-rel=\"iLightbox[gallery_image_1]\" class=\"fusion-lightbox\" target=\"_self\"><div style=\"background-image:url(https:\/\/asociaciontesos.org\/wp-content\/uploads\/2024\/07\/me_quedo_en_CAsa.jpg);padding-top:calc((100% + 10px) * 0.8 - 5px);background-position:;\" class=\"fusion-masonry-element-container\"><img decoding=\"async\" src=\"https:\/\/asociaciontesos.org\/wp-content\/uploads\/2024\/07\/me_quedo_en_CAsa.jpg\" width=\"503\" height=\"720\" alt=\"\" title=\"\" aria-label=\"\" class=\"img-responsive wp-image-327\" srcset=\"https:\/\/asociaciontesos.org\/wp-content\/uploads\/2024\/07\/me_quedo_en_CAsa-200x286.jpg 200w, https:\/\/asociaciontesos.org\/wp-content\/uploads\/2024\/07\/me_quedo_en_CAsa-400x573.jpg 400w, https:\/\/asociaciontesos.org\/wp-content\/uploads\/2024\/07\/me_quedo_en_CAsa.jpg 503w\" sizes=\"(min-width: 2200px) 100vw, (min-width: 784px) 397px, (min-width: 712px) 595px, (min-width: 640px) 712px, \" \/><\/div><div class=\"awb-imageframe-caption-container\"><div class=\"awb-imageframe-caption\"><\/div><\/div><\/a><\/div><\/div><\/div><\/div><\/div><\/div><div class=\"fusion-layout-column fusion_builder_column_inner fusion-builder-nested-column-1 fusion_builder_column_inner_2_5 2_5 fusion-flex-column fusion-flex-align-self-center\" style=\"--awb-padding-bottom-medium:10px;--awb-padding-bottom-small:20px;--awb-bg-size:cover;--awb-width-large:40%;--awb-margin-top-large:0px;--awb-spacing-right-large:4.8%;--awb-margin-bottom-large:0px;--awb-spacing-left-large:4.8%;--awb-width-medium:100%;--awb-order-medium:0;--awb-spacing-right-medium:1.92%;--awb-spacing-left-medium:1.92%;--awb-width-small:100%;--awb-order-small:0;--awb-spacing-right-small:1.92%;--awb-spacing-left-small:1.92%;\"><div class=\"fusion-column-wrapper fusion-column-has-shadow fusion-flex-justify-content-flex-start fusion-content-layout-row\"><i class=\"fb-icon-element-1 fb-icon-element fontawesome-icon fa-camera-retro fas circle-no fusion-text-flow\" style=\"--awb-iconcolor:#9ac667;--awb-iconcolor-hover:#62645f;--awb-font-size:68px;--awb-margin-right:60px;\"><\/i><i class=\"fb-icon-element-2 fb-icon-element fontawesome-icon fa-eye fas circle-no fusion-text-flow\" style=\"--awb-iconcolor:#9a4292;--awb-iconcolor-hover:#62645f;--awb-font-size:68px;--awb-margin-right:60px;\"><\/i><\/div><\/div><\/div><div class=\"fusion-separator fusion-full-width-sep\" style=\"align-self: center;margin-left: auto;margin-right: auto;margin-top:40px;margin-bottom:40px;width:100%;\"><div class=\"fusion-separator-border sep-single sep-solid\" style=\"--awb-height:20px;--awb-amount:20px;--awb-sep-color:rgba(217,217,217,0.7);border-color:rgba(217,217,217,0.7);border-top-width:1px;\"><\/div><\/div><div class=\"fusion-builder-row fusion-builder-row-inner fusion-row fusion-flex-align-items-flex-start fusion-flex-content-wrap\" style=\"width:104% !important;max-width:104% !important;margin-left: calc(-4% \/ 2 );margin-right: calc(-4% \/ 2 );\"><div class=\"fusion-layout-column fusion_builder_column_inner fusion-builder-nested-column-2 fusion_builder_column_inner_3_5 3_5 fusion-flex-column\" style=\"--awb-padding-right:40px;--awb-padding-bottom-small:10px;--awb-bg-size:cover;--awb-width-large:60%;--awb-margin-top-large:0px;--awb-spacing-right-large:3.2%;--awb-margin-bottom-large:0px;--awb-spacing-left-large:3.2%;--awb-width-medium:60%;--awb-order-medium:0;--awb-spacing-right-medium:3.2%;--awb-spacing-left-medium:3.2%;--awb-width-small:100%;--awb-order-small:0;--awb-spacing-right-small:1.92%;--awb-spacing-left-small:1.92%;\"><div class=\"fusion-column-wrapper fusion-column-has-shadow fusion-flex-justify-content-flex-start fusion-content-layout-column\"><div class=\"fusion-text fusion-text-1\" style=\"--awb-font-size:16px;--awb-line-height:1.8;--awb-letter-spacing:0.002em;--awb-text-transform:var(--awb-typography4-text-transform);--awb-text-color:#141710;--awb-margin-top:10px;--awb-text-font-family:&quot;Plus Jakarta Sans&quot;;--awb-text-font-style:normal;--awb-text-font-weight:400;\"><p>Des <b>moments inoubliables<\/b> Ce projet avait pour objectif de mettre en valeur la biodiversit\u00e9 urbaine qui nous entoure dans les villes. La proposition de cr\u00e9er une vid\u00e9oth\u00e8que et une phototh\u00e8que a aid\u00e9 les participants \u00e0 d\u00e9velopper une attitude d&rsquo;observation de la flore et de la faune avec lesquelles nous vivons et que nous ignorons souvent. Rendre la nature urbaine visible est une \u00e9tape importante pour en prendre soin et la prot\u00e9ger. Pendant l&rsquo;enfermement de 2020 par COVID, ce projet a permis de partager la biodiversit\u00e9 que nous voyions de nos fen\u00eatres et de nos jardins.<\/p>\n<\/div><\/div><\/div><div class=\"fusion-layout-column fusion_builder_column_inner fusion-builder-nested-column-3 fusion_builder_column_inner_2_5 2_5 fusion-flex-column\" style=\"--awb-bg-size:cover;--awb-width-large:40%;--awb-margin-top-large:0px;--awb-spacing-right-large:4.8%;--awb-margin-bottom-large:0px;--awb-spacing-left-large:4.8%;--awb-width-medium:40%;--awb-order-medium:0;--awb-spacing-right-medium:4.8%;--awb-spacing-left-medium:4.8%;--awb-width-small:100%;--awb-order-small:0;--awb-spacing-right-small:1.92%;--awb-spacing-left-small:1.92%;\"><div class=\"fusion-column-wrapper fusion-column-has-shadow fusion-flex-justify-content-flex-start fusion-content-layout-column\"><div class=\"fusion-title title fusion-title-2 fusion-sep-none fusion-title-text fusion-title-size-five\" style=\"--awb-text-color:#141710;--awb-margin-bottom:10px;--awb-font-size:19px;\"><h5 class=\"fusion-title-heading title-heading-left\" style=\"font-family:&quot;Plus Jakarta Sans&quot;;font-style:normal;font-weight:700;margin:0;font-size:1em;letter-spacing:0.002em;text-transform:capitalize;line-height:1.3;\"><span style=\"color: #66b7f4;\">\u25aa Donn\u00e9es  <\/span><\/h5><\/div><div class=\"fusion-text fusion-text-2\" style=\"--awb-font-size:14px;--awb-line-height:1.6;--awb-letter-spacing:0.002em;--awb-text-transform:var(--awb-typography5-text-transform);--awb-text-color:#62645f;--awb-text-font-family:&quot;Plus Jakarta Sans&quot;;--awb-text-font-style:normal;--awb-text-font-weight:400;\"><ul>\n<li>9 ateliers de photographie et de vid\u00e9o avec smartphones<\/li>\n<li>D\u00e9veloppement web. Vid\u00e9oth\u00e8que et phototh\u00e8que des moments v\u00e9cus<\/li>\n<li>\u00c9laboration de mat\u00e9riel informatif adapt\u00e9 \u00e0 une lecture facile.<\/li>\n<li>117 participants (46 femmes et 59 hommes)<\/li>\n<li>56 documents (vid\u00e9os et photos)<\/li>\n<\/ul>\n<\/div><div class=\"fusion-title title fusion-title-3 fusion-sep-none fusion-title-text fusion-title-size-five\" style=\"--awb-text-color:#141710;--awb-margin-bottom:10px;--awb-font-size:19px;\"><h5 class=\"fusion-title-heading title-heading-left\" style=\"font-family:&quot;Plus Jakarta Sans&quot;;font-style:normal;font-weight:700;margin:0;font-size:1em;letter-spacing:0.002em;text-transform:capitalize;line-height:1.3;\"><span style=\"color: #66b7f4;\">\u25aa Soutien<\/span><\/h5><\/div><div class=\"fusion-text fusion-text-3\" style=\"--awb-font-size:14px;--awb-line-height:1.6;--awb-letter-spacing:0.002em;--awb-text-transform:var(--awb-typography5-text-transform);--awb-text-color:#62645f;--awb-text-font-family:&quot;Plus Jakarta Sans&quot;;--awb-text-font-style:normal;--awb-text-font-weight:400;\"><ul>\n<li>Soutien aux projets d&rsquo;\u00e9ducation \u00e0 l&rsquo;environnement. D\u00e9partement du D\u00e9veloppement Rural et de l&rsquo;environnement. Gouvernement de Navarre (2019).<\/li>\n<\/ul>\n<\/div><\/div><\/div><\/div><\/div><\/div><\/div><\/div>\n","protected":false},"excerpt":{"rendered":"","protected":false},"author":1,"featured_media":0,"parent":0,"menu_order":0,"comment_status":"closed","ping_status":"closed","template":"100-width.php","meta":{"footnotes":""},"class_list":["post-584","page","type-page","status-publish","hentry"],"_links":{"self":[{"href":"https:\/\/asociaciontesos.org\/fr\/wp-json\/wp\/v2\/pages\/584"}],"collection":[{"href":"https:\/\/asociaciontesos.org\/fr\/wp-json\/wp\/v2\/pages"}],"about":[{"href":"https:\/\/asociaciontesos.org\/fr\/wp-json\/wp\/v2\/types\/page"}],"author":[{"embeddable":true,"href":"https:\/\/asociaciontesos.org\/fr\/wp-json\/wp\/v2\/users\/1"}],"replies":[{"embeddable":true,"href":"https:\/\/asociaciontesos.org\/fr\/wp-json\/wp\/v2\/comments?post=584"}],"version-history":[{"count":2,"href":"https:\/\/asociaciontesos.org\/fr\/wp-json\/wp\/v2\/pages\/584\/revisions"}],"predecessor-version":[{"id":592,"href":"https:\/\/asociaciontesos.org\/fr\/wp-json\/wp\/v2\/pages\/584\/revisions\/592"}],"wp:attachment":[{"href":"https:\/\/asociaciontesos.org\/fr\/wp-json\/wp\/v2\/media?parent=584"}],"curies":[{"name":"wp","href":"https:\/\/api.w.org\/{rel}","templated":true}]}}