{"id":662,"date":"2024-07-26T09:24:41","date_gmt":"2024-07-26T07:24:41","guid":{"rendered":"https:\/\/asociaciontesos.org\/evenements-durables\/"},"modified":"2024-08-02T19:43:25","modified_gmt":"2024-08-02T17:43:25","slug":"evenements-durables","status":"publish","type":"page","link":"https:\/\/asociaciontesos.org\/fr\/evenements-durables\/","title":{"rendered":"\u00c9v\u00e9nements durables"},"content":{"rendered":"<div class=\"fusion-fullwidth fullwidth-box fusion-builder-row-1 fusion-flex-container has-pattern-background has-mask-background nonhundred-percent-fullwidth non-hundred-percent-height-scrolling\" style=\"--awb-border-radius-top-left:0px;--awb-border-radius-top-right:0px;--awb-border-radius-bottom-right:0px;--awb-border-radius-bottom-left:0px;--awb-margin-bottom:60px;--awb-background-color:#ffffff;--awb-flex-wrap:wrap;\" ><div class=\"awb-background-pattern\" style=\"background-image:  url(data:image\/svg+xml;utf8,%3Csvg%20width%3D%2280%22%20height%3D%22120%22%20fill%3D%22none%22%20xmlns%3D%22http%3A%2F%2Fwww.w3.org%2F2000%2Fsvg%22%3E%3Cg%20clip-path%3D%22url%28%23prefix__clip0_43_320%29%22%20fill%3D%22rgba%28239%2C239%2C239%2C1%29%22%3E%3Cpath%20d%3D%22M40%200L0%2030v30l40-30V0zm0%2030v30l40%2030V60L40%2030zM40-30V0l40%2030V0L40-30zm0%2090L0%2090v30l40-30V60zm0%2030v30l40%2030v-30L40%2090z%22%2F%3E%3C%2Fg%3E%3Cdefs%3E%3CclipPath%20id%3D%22prefix__clip0_43_320%22%3E%3Cpath%20fill%3D%22%23fff%22%20d%3D%22M0%200h80v120H0z%22%2F%3E%3C%2FclipPath%3E%3C%2Fdefs%3E%3C%2Fsvg%3E);opacity: 0.5 ;background-size:120%;mix-blend-mode:normal;\"><\/div><div class=\"fusion-builder-row fusion-row fusion-flex-align-items-flex-start fusion-flex-content-wrap\" style=\"max-width:1248px;margin-left: calc(-4% \/ 2 );margin-right: calc(-4% \/ 2 );\"><div class=\"fusion-layout-column fusion_builder_column fusion-builder-column-0 fusion_builder_column_1_1 1_1 fusion-flex-column\" style=\"--awb-padding-top:50px;--awb-padding-right:60px;--awb-padding-bottom:50px;--awb-padding-left:60px;--awb-bg-color:#ffffff;--awb-bg-color-hover:#ffffff;--awb-bg-size:cover;--awb-box-shadow:2px 2px 25px 5px rgba(21,24,17,0.15);;--awb-width-large:100%;--awb-margin-top-large:0px;--awb-spacing-right-large:1.92%;--awb-margin-bottom-large:0px;--awb-spacing-left-large:1.92%;--awb-width-medium:100%;--awb-order-medium:0;--awb-spacing-right-medium:1.92%;--awb-spacing-left-medium:1.92%;--awb-width-small:100%;--awb-order-small:0;--awb-spacing-right-small:1.92%;--awb-spacing-left-small:1.92%;\"><div class=\"fusion-column-wrapper fusion-column-has-shadow fusion-flex-justify-content-flex-start fusion-content-layout-column\"><div class=\"fusion-builder-row fusion-builder-row-inner fusion-row fusion-flex-align-items-flex-start fusion-flex-content-wrap\" style=\"width:104% !important;max-width:104% !important;margin-left: calc(-4% \/ 2 );margin-right: calc(-4% \/ 2 );\"><div class=\"fusion-layout-column fusion_builder_column_inner fusion-builder-nested-column-0 fusion_builder_column_inner_3_5 3_5 fusion-flex-column\" style=\"--awb-padding-right:40px;--awb-padding-bottom-medium:30px;--awb-padding-bottom-small:40px;--awb-bg-size:cover;--awb-width-large:60%;--awb-margin-top-large:0px;--awb-spacing-right-large:3.2%;--awb-margin-bottom-large:0px;--awb-spacing-left-large:3.2%;--awb-width-medium:100%;--awb-order-medium:0;--awb-spacing-right-medium:1.92%;--awb-spacing-left-medium:1.92%;--awb-width-small:100%;--awb-order-small:0;--awb-spacing-right-small:1.92%;--awb-spacing-left-small:1.92%;\"><div class=\"fusion-column-wrapper fusion-column-has-shadow fusion-flex-justify-content-flex-start fusion-content-layout-column\"><div class=\"fusion-title title fusion-title-1 fusion-sep-none fusion-title-text fusion-title-size-three\" style=\"--awb-text-color:#141710;--awb-font-size:34px;\"><h3 class=\"fusion-title-heading title-heading-left\" style=\"font-family:&quot;Plus Jakarta Sans&quot;;font-style:normal;font-weight:700;margin:0;font-size:1em;letter-spacing:0.002em;text-transform:capitalize;line-height:1.3;\">Des \u00e9v\u00e9nements durables pour les partenariats (2024)<\/h3><\/div><\/div><\/div><div class=\"fusion-layout-column fusion_builder_column_inner fusion-builder-nested-column-1 fusion_builder_column_inner_2_5 2_5 fusion-flex-column fusion-flex-align-self-center\" style=\"--awb-padding-bottom-medium:10px;--awb-padding-bottom-small:20px;--awb-bg-size:cover;--awb-width-large:40%;--awb-margin-top-large:0px;--awb-spacing-right-large:4.8%;--awb-margin-bottom-large:0px;--awb-spacing-left-large:4.8%;--awb-width-medium:100%;--awb-order-medium:0;--awb-spacing-right-medium:1.92%;--awb-spacing-left-medium:1.92%;--awb-width-small:100%;--awb-order-small:0;--awb-spacing-right-small:1.92%;--awb-spacing-left-small:1.92%;\"><div class=\"fusion-column-wrapper fusion-column-has-shadow fusion-flex-justify-content-flex-start fusion-content-layout-row\"><i class=\"fb-icon-element-1 fb-icon-element fontawesome-icon fa-calendar-check fas circle-no fusion-text-flow\" style=\"--awb-iconcolor:#9a4292;--awb-iconcolor-hover:#62645f;--awb-font-size:68px;--awb-margin-right:60px;\"><\/i><i class=\"fb-icon-element-2 fb-icon-element fontawesome-icon fa-seedling fas circle-no fusion-text-flow\" style=\"--awb-iconcolor:#9ac667;--awb-iconcolor-hover:#62645f;--awb-font-size:70px;--awb-margin-right:60px;\"><\/i><\/div><\/div><\/div><div class=\"fusion-separator fusion-full-width-sep\" style=\"align-self: center;margin-left: auto;margin-right: auto;margin-top:40px;margin-bottom:40px;width:100%;\"><div class=\"fusion-separator-border sep-single sep-solid\" style=\"--awb-height:20px;--awb-amount:20px;--awb-sep-color:rgba(217,217,217,0.7);border-color:rgba(217,217,217,0.7);border-top-width:1px;\"><\/div><\/div><div class=\"fusion-builder-row fusion-builder-row-inner fusion-row fusion-flex-align-items-flex-start fusion-flex-content-wrap\" style=\"width:104% !important;max-width:104% !important;margin-left: calc(-4% \/ 2 );margin-right: calc(-4% \/ 2 );\"><div class=\"fusion-layout-column fusion_builder_column_inner fusion-builder-nested-column-2 fusion_builder_column_inner_3_5 3_5 fusion-flex-column\" style=\"--awb-padding-right:40px;--awb-padding-bottom-small:10px;--awb-bg-size:cover;--awb-width-large:60%;--awb-margin-top-large:0px;--awb-spacing-right-large:3.2%;--awb-margin-bottom-large:0px;--awb-spacing-left-large:3.2%;--awb-width-medium:60%;--awb-order-medium:0;--awb-spacing-right-medium:3.2%;--awb-spacing-left-medium:3.2%;--awb-width-small:100%;--awb-order-small:0;--awb-spacing-right-small:1.92%;--awb-spacing-left-small:1.92%;\"><div class=\"fusion-column-wrapper fusion-column-has-shadow fusion-flex-justify-content-flex-start fusion-content-layout-column\"><div class=\"fusion-text fusion-text-1\" style=\"--awb-font-size:16px;--awb-line-height:1.8;--awb-letter-spacing:0.002em;--awb-text-transform:var(--awb-typography4-text-transform);--awb-text-color:#141710;--awb-margin-top:10px;--awb-text-font-family:&quot;Plus Jakarta Sans&quot;;--awb-text-font-style:normal;--awb-text-font-weight:400;\"><p><strong><em>Comment organiser des \u00e9v\u00e9nements durables dans mon association ?<\/em><\/strong>  Le projet \u00ab\u00a0Sustainable Events for Partnerships\u00a0\u00bb se d\u00e9roule en deux phases : l&rsquo;une en 2024 et l&rsquo;autre en 2025. En 2024, du mat\u00e9riel de sensibilisation adapt\u00e9 aux associations sera d\u00e9velopp\u00e9 et une formation en ligne sur l&rsquo;<em>organisation d&rsquo;\u00e9v\u00e9nements durables dans mon association<\/em> sera pr\u00e9par\u00e9e. Le mat\u00e9riel en ligne sera compar\u00e9 \u00e0 deux exp\u00e9riences pilotes de conseil aux associations\u00a0\u00bb.<\/p>\n<\/div><\/div><\/div><div class=\"fusion-layout-column fusion_builder_column_inner fusion-builder-nested-column-3 fusion_builder_column_inner_2_5 2_5 fusion-flex-column\" style=\"--awb-bg-size:cover;--awb-width-large:40%;--awb-margin-top-large:0px;--awb-spacing-right-large:4.8%;--awb-margin-bottom-large:0px;--awb-spacing-left-large:4.8%;--awb-width-medium:40%;--awb-order-medium:0;--awb-spacing-right-medium:4.8%;--awb-spacing-left-medium:4.8%;--awb-width-small:100%;--awb-order-small:0;--awb-spacing-right-small:1.92%;--awb-spacing-left-small:1.92%;\"><div class=\"fusion-column-wrapper fusion-column-has-shadow fusion-flex-justify-content-flex-start fusion-content-layout-column\"><div class=\"fusion-title title fusion-title-2 fusion-sep-none fusion-title-text fusion-title-size-five\" style=\"--awb-text-color:#141710;--awb-margin-bottom:10px;--awb-font-size:19px;\"><h5 class=\"fusion-title-heading title-heading-left\" style=\"font-family:&quot;Plus Jakarta Sans&quot;;font-style:normal;font-weight:700;margin:0;font-size:1em;letter-spacing:0.002em;text-transform:capitalize;line-height:1.3;\"><span style=\"color: #66b7f4;\">\u25aa Donn\u00e9es<\/span><\/h5><\/div><div class=\"fusion-text fusion-text-2\" style=\"--awb-font-size:14px;--awb-line-height:1.6;--awb-letter-spacing:0.002em;--awb-text-transform:var(--awb-typography5-text-transform);--awb-text-color:#62645f;--awb-text-font-family:&quot;Plus Jakarta Sans&quot;;--awb-text-font-style:normal;--awb-text-font-weight:400;\"><ul>\n<li>D\u00e9veloppement d&rsquo;un site web.<\/li>\n<li>D\u00e9veloppement d&rsquo;un cours de formation sur les \u00e9v\u00e9nements durables.<\/li>\n<li>Mat\u00e9riel de sensibilisation.<\/li>\n<li>Contraster le mat\u00e9riel de formation avec deux associations<\/li>\n<\/ul>\n<\/div><div class=\"fusion-title title fusion-title-3 fusion-sep-none fusion-title-text fusion-title-size-five\" style=\"--awb-text-color:#141710;--awb-margin-bottom:10px;--awb-font-size:19px;\"><h5 class=\"fusion-title-heading title-heading-left\" style=\"font-family:&quot;Plus Jakarta Sans&quot;;font-style:normal;font-weight:700;margin:0;font-size:1em;letter-spacing:0.002em;text-transform:capitalize;line-height:1.3;\"><span style=\"color: #66b7f4;\">\u25aa Soutien<\/span><\/h5><\/div><div class=\"fusion-text fusion-text-3\" style=\"--awb-font-size:14px;--awb-line-height:1.6;--awb-letter-spacing:0.002em;--awb-text-transform:var(--awb-typography5-text-transform);--awb-text-color:#62645f;--awb-text-font-family:&quot;Plus Jakarta Sans&quot;;--awb-text-font-style:normal;--awb-text-font-weight:400;\"><ul>\n<li>Ce projet est soutenu par une subvention pour l&rsquo;\u00e9ducation \u00e0 l&rsquo;environnement du minist\u00e8re du d\u00e9veloppement rural et de l&rsquo;environnement. Gouvernement de Navarre.<\/li>\n<\/ul>\n<\/div><\/div><\/div><\/div><\/div><\/div><\/div><\/div>\n","protected":false},"excerpt":{"rendered":"","protected":false},"author":1,"featured_media":0,"parent":0,"menu_order":0,"comment_status":"closed","ping_status":"closed","template":"100-width.php","meta":{"footnotes":""},"class_list":["post-662","page","type-page","status-publish","hentry"],"_links":{"self":[{"href":"https:\/\/asociaciontesos.org\/fr\/wp-json\/wp\/v2\/pages\/662"}],"collection":[{"href":"https:\/\/asociaciontesos.org\/fr\/wp-json\/wp\/v2\/pages"}],"about":[{"href":"https:\/\/asociaciontesos.org\/fr\/wp-json\/wp\/v2\/types\/page"}],"author":[{"embeddable":true,"href":"https:\/\/asociaciontesos.org\/fr\/wp-json\/wp\/v2\/users\/1"}],"replies":[{"embeddable":true,"href":"https:\/\/asociaciontesos.org\/fr\/wp-json\/wp\/v2\/comments?post=662"}],"version-history":[{"count":2,"href":"https:\/\/asociaciontesos.org\/fr\/wp-json\/wp\/v2\/pages\/662\/revisions"}],"predecessor-version":[{"id":665,"href":"https:\/\/asociaciontesos.org\/fr\/wp-json\/wp\/v2\/pages\/662\/revisions\/665"}],"wp:attachment":[{"href":"https:\/\/asociaciontesos.org\/fr\/wp-json\/wp\/v2\/media?parent=662"}],"curies":[{"name":"wp","href":"https:\/\/api.w.org\/{rel}","templated":true}]}}